{"id":29816,"date":"2022-06-20T23:19:42","date_gmt":"2022-06-21T03:19:42","guid":{"rendered":"https:\/\/proairrivesud.com\/our-services\/"},"modified":"2023-01-19T11:12:18","modified_gmt":"2023-01-19T16:12:18","slug":"our-services","status":"publish","type":"page","link":"https:\/\/proairrivesud.com\/fr\/our-services\/","title":{"rendered":"NOS SERVICES"},"content":{"rendered":"\t\t<div data-elementor-type=\"wp-page\" data-elementor-id=\"29816\" class=\"elementor elementor-29816\">\n\t\t\t\t\t\t<section class=\"lte-background-black elementor-section elementor-top-section elementor-element elementor-element-b33aafc lte-background-black elementor-section-stretched elementor-section-boxed elementor-section-height-default elementor-section-height-default\" data-id=\"b33aafc\" data-element_type=\"section\" data-settings=\"{&quot;background_background&quot;:&quot;classic&quot;,&quot;stretch_section&quot;:&quot;section-stretched&quot;}\">\n\t\t\t\t\t\t<div class=\"elementor-container elementor-column-gap-default\">\n\t\t\t\t\t<div class=\"elementor-column elementor-col-100 elementor-top-column elementor-element elementor-element-33efe86\" data-id=\"33efe86\" data-element_type=\"column\">\n\t\t\t<div class=\"elementor-widget-wrap elementor-element-populated\">\n\t\t\t\t\t\t<div class=\"elementor-element elementor-element-9e386c3 lte-heading-align-tablet-center lte-heading-align-center elementor-widget elementor-widget-lte-header\" data-id=\"9e386c3\" data-element_type=\"widget\" data-widget_type=\"lte-header.default\">\n\t\t\t\t<div class=\"elementor-widget-container\">\n\t\t\t\t\t<div class=\"lte-heading lte-style-header-subheader-dash lte-subcolor-main has-subheader has-watermark heading-tag-h3 heading-subtag-h6\"><div class=\"lte-heading-content\"><h6 class=\"lte-subheader\">NOTRE SP\u00c9CIALIT\u00c9<\/h6><h3 class=\"lte-header\">EXPERTS EN NETTOYAGE DES CONDUITS<\/h3><span class=\"lte-watermark\">WHAT WE DO<\/span><\/div><\/div>\t\t\t\t<\/div>\n\t\t\t\t<\/div>\n\t\t\t\t<div class=\"elementor-element elementor-element-972eca7 elementor-widget__width-initial elementor-widget elementor-widget-text-editor\" data-id=\"972eca7\" data-element_type=\"widget\" data-widget_type=\"text-editor.default\">\n\t\t\t\t<div class=\"elementor-widget-container\">\n\t\t\t\t\t\t\t\t\t<p>Vous avez besoin d&#8217;un expert en nettoyage de conduits d&#8217;air, ProAir offre divers services pour r\u00e9pondre \u00e0 tous les besoins en CVC r\u00e9sidentiels, commerciaux et industriels.<\/p>\t\t\t\t\t\t\t\t<\/div>\n\t\t\t\t<\/div>\n\t\t\t\t<div class=\"elementor-element elementor-element-81cc311 elementor-widget elementor-widget-spacer\" data-id=\"81cc311\" data-element_type=\"widget\" data-widget_type=\"spacer.default\">\n\t\t\t\t<div class=\"elementor-widget-container\">\n\t\t\t\t\t\t\t<div class=\"elementor-spacer\">\n\t\t\t<div class=\"elementor-spacer-inner\"><\/div>\n\t\t<\/div>\n\t\t\t\t\t\t<\/div>\n\t\t\t\t<\/div>\n\t\t\t\t<div class=\"elementor-element elementor-element-38d4705 elementor-widget elementor-widget-lte-services\" data-id=\"38d4705\" data-element_type=\"widget\" data-widget_type=\"lte-services.default\">\n\t\t\t\t<div class=\"elementor-widget-container\">\n\t\t\t\t\t<div class=\"lte-lte-services-sc-wrapper lte-services-sc lte-layout-photos\"><div class=\"row\">\t\t<div class=\"lte-item  col-lg-4 col-md-6 col-sm-12 col-xs-12 \">\r\n\t\t\t<div class=\"lte-item-inner\">\r\n\t\t\t\t<article id=\"post-29836\" class=\"lte-services-grid-item post-29836 services type-services status-publish has-post-thumbnail hentry services-category-our-services\">\r\n    <div class=\"lte-description\">\r\n        <a href=\"https:\/\/proairrivesud.com\/fr\/services\/residential-air-duct-cleaning\/\" class=\"lte-photo-wrapper\"><img fetchpriority=\"high\" decoding=\"async\" width=\"495\" height=\"300\" src=\"https:\/\/proairrivesud.com\/wp-content\/uploads\/2021\/10\/residentialairductcleaning.jpg-495x300.webp\" class=\"attachment-homefort-services size-homefort-services wp-post-image\" alt=\"\" \/><\/a>        <a href=\"https:\/\/proairrivesud.com\/fr\/services\/residential-air-duct-cleaning\/\" class=\"lte-header\">\r\n            <h5 class=\"lte-header\">NETTOYAGE R\u00c9SIDENTIEL<\/h5>\r\n        <\/a>\r\n        <div class=\"lte-btn-wrap\"><a href=\"https:\/\/proairrivesud.com\/fr\/services\/residential-air-duct-cleaning\/\" class=\"lte-btn btn-main\"><span class=\"lte-btn-inner\">VOIR SERVICE<\/span><span class=\"lte-btn-after\"><\/span><\/a><\/div>        \r\n    <\/div>\r\n<\/article>\r\n\t\t\t<\/div>\r\n\t\t<\/div>\r\n\t\t\t\t<div class=\"lte-item  col-lg-4 col-md-6 col-sm-12 col-xs-12 \">\r\n\t\t\t<div class=\"lte-item-inner\">\r\n\t\t\t\t<article id=\"post-29834\" class=\"lte-services-grid-item post-29834 services type-services status-publish has-post-thumbnail hentry services-category-our-services\">\r\n    <div class=\"lte-description\">\r\n        <a href=\"https:\/\/proairrivesud.com\/fr\/services\/commercial-air-duct-cleaning\/\" class=\"lte-photo-wrapper\"><img decoding=\"async\" width=\"495\" height=\"300\" src=\"https:\/\/proairrivesud.com\/wp-content\/uploads\/2022\/06\/commercial-pic1-495x300.jpg\" class=\"attachment-homefort-services size-homefort-services wp-post-image\" alt=\"\" \/><\/a>        <a href=\"https:\/\/proairrivesud.com\/fr\/services\/commercial-air-duct-cleaning\/\" class=\"lte-header\">\r\n            <h5 class=\"lte-header\">NETTOYAGE COMMERCIAL<\/h5>\r\n        <\/a>\r\n        <div class=\"lte-btn-wrap\"><a href=\"https:\/\/proairrivesud.com\/fr\/services\/commercial-air-duct-cleaning\/\" class=\"lte-btn btn-main\"><span class=\"lte-btn-inner\">VOIR SERVICE<\/span><span class=\"lte-btn-after\"><\/span><\/a><\/div>        \r\n    <\/div>\r\n<\/article>\r\n\t\t\t<\/div>\r\n\t\t<\/div>\r\n\t\t\t\t<div class=\"lte-item  col-lg-4 col-md-6 col-sm-12 col-xs-12 \">\r\n\t\t\t<div class=\"lte-item-inner\">\r\n\t\t\t\t<article id=\"post-29832\" class=\"lte-services-grid-item post-29832 services type-services status-publish has-post-thumbnail hentry services-category-our-services\">\r\n    <div class=\"lte-description\">\r\n        <a href=\"https:\/\/proairrivesud.com\/fr\/services\/hrv-air-exchangers-cleaning\/\" class=\"lte-photo-wrapper\"><img decoding=\"async\" width=\"495\" height=\"300\" src=\"https:\/\/proairrivesud.com\/wp-content\/uploads\/2022\/06\/airexchanger-cleaning-495x300.jpg\" class=\"attachment-homefort-services size-homefort-services wp-post-image\" alt=\"\" \/><\/a>        <a href=\"https:\/\/proairrivesud.com\/fr\/services\/hrv-air-exchangers-cleaning\/\" class=\"lte-header\">\r\n            <h5 class=\"lte-header\">NETTOYAGE D&#8217;\u00c9CHANGEUR D&#8217;AIR<\/h5>\r\n        <\/a>\r\n        <div class=\"lte-btn-wrap\"><a href=\"https:\/\/proairrivesud.com\/fr\/services\/hrv-air-exchangers-cleaning\/\" class=\"lte-btn btn-main\"><span class=\"lte-btn-inner\">VOIR SERVICE<\/span><span class=\"lte-btn-after\"><\/span><\/a><\/div>        \r\n    <\/div>\r\n<\/article>\r\n\t\t\t<\/div>\r\n\t\t<\/div>\r\n\t\t\t\t<div class=\"lte-item  col-lg-4 col-md-6 col-sm-12 col-xs-12 \">\r\n\t\t\t<div class=\"lte-item-inner\">\r\n\t\t\t\t<article id=\"post-29830\" class=\"lte-services-grid-item post-29830 services type-services status-publish has-post-thumbnail hentry services-category-our-services\">\r\n    <div class=\"lte-description\">\r\n        <a href=\"https:\/\/proairrivesud.com\/fr\/services\/wall-unit-mini-split-cleaning\/\" class=\"lte-photo-wrapper\"><img loading=\"lazy\" decoding=\"async\" width=\"495\" height=\"300\" src=\"https:\/\/proairrivesud.com\/wp-content\/uploads\/2022\/06\/wallunitmini01-495x300.jpg\" class=\"attachment-homefort-services size-homefort-services wp-post-image\" alt=\"\" \/><\/a>        <a href=\"https:\/\/proairrivesud.com\/fr\/services\/wall-unit-mini-split-cleaning\/\" class=\"lte-header\">\r\n            <h5 class=\"lte-header\">NETTOYAGE UNIT\u00c9 MURALE<\/h5>\r\n        <\/a>\r\n        <div class=\"lte-btn-wrap\"><a href=\"https:\/\/proairrivesud.com\/fr\/services\/wall-unit-mini-split-cleaning\/\" class=\"lte-btn btn-main\"><span class=\"lte-btn-inner\">VOIR SERVICE<\/span><span class=\"lte-btn-after\"><\/span><\/a><\/div>        \r\n    <\/div>\r\n<\/article>\r\n\t\t\t<\/div>\r\n\t\t<\/div>\r\n\t\t\t\t<div class=\"lte-item  col-lg-4 col-md-6 col-sm-12 col-xs-12 \">\r\n\t\t\t<div class=\"lte-item-inner\">\r\n\t\t\t\t<article id=\"post-29828\" class=\"lte-services-grid-item post-29828 services type-services status-publish has-post-thumbnail hentry services-category-our-services\">\r\n    <div class=\"lte-description\">\r\n        <a href=\"https:\/\/proairrivesud.com\/fr\/services\/dryer-vent-duct-cleaning\/\" class=\"lte-photo-wrapper\"><img loading=\"lazy\" decoding=\"async\" width=\"495\" height=\"300\" src=\"https:\/\/proairrivesud.com\/wp-content\/uploads\/2022\/06\/dryer-vent01-495x300.jpg\" class=\"attachment-homefort-services size-homefort-services wp-post-image\" alt=\"\" \/><\/a>        <a href=\"https:\/\/proairrivesud.com\/fr\/services\/dryer-vent-duct-cleaning\/\" class=\"lte-header\">\r\n            <h5 class=\"lte-header\">NETTOYAGE CONDUIT DE S\u00c9CHEUSE<\/h5>\r\n        <\/a>\r\n        <div class=\"lte-btn-wrap\"><a href=\"https:\/\/proairrivesud.com\/fr\/services\/dryer-vent-duct-cleaning\/\" class=\"lte-btn btn-main\"><span class=\"lte-btn-inner\">VOIR SERVICE<\/span><span class=\"lte-btn-after\"><\/span><\/a><\/div>        \r\n    <\/div>\r\n<\/article>\r\n\t\t\t<\/div>\r\n\t\t<\/div>\r\n\t\t\t\t<div class=\"lte-item  col-lg-4 col-md-6 col-sm-12 col-xs-12 \">\r\n\t\t\t<div class=\"lte-item-inner\">\r\n\t\t\t\t<article id=\"post-29826\" class=\"lte-services-grid-item post-29826 services type-services status-publish has-post-thumbnail hentry services-category-our-services\">\r\n    <div class=\"lte-description\">\r\n        <a href=\"https:\/\/proairrivesud.com\/fr\/services\/bathroom-fan-cleaning\/\" class=\"lte-photo-wrapper\"><img loading=\"lazy\" decoding=\"async\" width=\"495\" height=\"300\" src=\"https:\/\/proairrivesud.com\/wp-content\/uploads\/2022\/06\/bathroomfan01-495x300.jpg\" class=\"attachment-homefort-services size-homefort-services wp-post-image\" alt=\"\" \/><\/a>        <a href=\"https:\/\/proairrivesud.com\/fr\/services\/bathroom-fan-cleaning\/\" class=\"lte-header\">\r\n            <h5 class=\"lte-header\">NETTOYAGE VENTILATEUR DE SALLE DE BAIN<\/h5>\r\n        <\/a>\r\n        <div class=\"lte-btn-wrap\"><a href=\"https:\/\/proairrivesud.com\/fr\/services\/bathroom-fan-cleaning\/\" class=\"lte-btn btn-main\"><span class=\"lte-btn-inner\">VOIR SERVICE<\/span><span class=\"lte-btn-after\"><\/span><\/a><\/div>        \r\n    <\/div>\r\n<\/article>\r\n\t\t\t<\/div>\r\n\t\t<\/div>\r\n\t\t\t\t<div class=\"lte-item  col-lg-4 col-md-6 col-sm-12 col-xs-12 \">\r\n\t\t\t<div class=\"lte-item-inner\">\r\n\t\t\t\t<article id=\"post-29824\" class=\"lte-services-grid-item post-29824 services type-services status-publish has-post-thumbnail hentry services-category-our-services\">\r\n    <div class=\"lte-description\">\r\n        <a href=\"https:\/\/proairrivesud.com\/fr\/services\/central-duct-cleaning\/\" class=\"lte-photo-wrapper\"><img loading=\"lazy\" decoding=\"async\" width=\"495\" height=\"300\" src=\"https:\/\/proairrivesud.com\/wp-content\/uploads\/2022\/06\/centralairduct02-495x300.jpg\" class=\"attachment-homefort-services size-homefort-services wp-post-image\" alt=\"\" \/><\/a>        <a href=\"https:\/\/proairrivesud.com\/fr\/services\/central-duct-cleaning\/\" class=\"lte-header\">\r\n            <h5 class=\"lte-header\">NETTOYAGE DU SYST\u00c8ME CENTRAL<\/h5>\r\n        <\/a>\r\n        <div class=\"lte-btn-wrap\"><a href=\"https:\/\/proairrivesud.com\/fr\/services\/central-duct-cleaning\/\" class=\"lte-btn btn-main\"><span class=\"lte-btn-inner\">VOIR SERVICE<\/span><span class=\"lte-btn-after\"><\/span><\/a><\/div>        \r\n    <\/div>\r\n<\/article>\r\n\t\t\t<\/div>\r\n\t\t<\/div>\r\n\t\t\t\t<div class=\"lte-item  col-lg-4 col-md-6 col-sm-12 col-xs-12 \">\r\n\t\t\t<div class=\"lte-item-inner\">\r\n\t\t\t\t<article id=\"post-29822\" class=\"lte-services-grid-item post-29822 services type-services status-publish has-post-thumbnail hentry services-category-our-services\">\r\n    <div class=\"lte-description\">\r\n        <a href=\"https:\/\/proairrivesud.com\/fr\/services\/furnace-cleaning\/\" class=\"lte-photo-wrapper\"><img loading=\"lazy\" decoding=\"async\" width=\"495\" height=\"300\" src=\"https:\/\/proairrivesud.com\/wp-content\/uploads\/2022\/06\/furnacecleaning01-495x300.jpg\" class=\"attachment-homefort-services size-homefort-services wp-post-image\" alt=\"\" \/><\/a>        <a href=\"https:\/\/proairrivesud.com\/fr\/services\/furnace-cleaning\/\" class=\"lte-header\">\r\n            <h5 class=\"lte-header\">NETTOYAGE FOURNAISE<\/h5>\r\n        <\/a>\r\n        <div class=\"lte-btn-wrap\"><a href=\"https:\/\/proairrivesud.com\/fr\/services\/furnace-cleaning\/\" class=\"lte-btn btn-main\"><span class=\"lte-btn-inner\">VOIR SERVICE<\/span><span class=\"lte-btn-after\"><\/span><\/a><\/div>        \r\n    <\/div>\r\n<\/article>\r\n\t\t\t<\/div>\r\n\t\t<\/div>\r\n\t\t<\/div><\/div>\t\t\t\t<\/div>\n\t\t\t\t<\/div>\n\t\t\t\t\t<\/div>\n\t\t<\/div>\n\t\t\t\t\t<\/div>\n\t\t<\/section>\n\t\t\t\t<section class=\"lte-background-gray elementor-section elementor-top-section elementor-element elementor-element-05b83f7 lte-background-gray elementor-section-stretched elementor-section-boxed elementor-section-height-default elementor-section-height-default\" data-id=\"05b83f7\" data-element_type=\"section\" data-settings=\"{&quot;background_background&quot;:&quot;classic&quot;,&quot;stretch_section&quot;:&quot;section-stretched&quot;}\">\n\t\t\t\t\t\t<div class=\"elementor-container elementor-column-gap-custom\">\n\t\t\t\t\t<div class=\"elementor-column elementor-col-100 elementor-top-column elementor-element elementor-element-1bb1686\" data-id=\"1bb1686\" data-element_type=\"column\">\n\t\t\t<div class=\"elementor-widget-wrap elementor-element-populated\">\n\t\t\t\t\t\t<div class=\"elementor-element elementor-element-e602bff elementor-widget elementor-widget-spacer\" data-id=\"e602bff\" data-element_type=\"widget\" data-widget_type=\"spacer.default\">\n\t\t\t\t<div class=\"elementor-widget-container\">\n\t\t\t\t\t\t\t<div class=\"elementor-spacer\">\n\t\t\t<div class=\"elementor-spacer-inner\"><\/div>\n\t\t<\/div>\n\t\t\t\t\t\t<\/div>\n\t\t\t\t<\/div>\n\t\t\t\t<div class=\"elementor-element elementor-element-28359fa lte-heading-align-center elementor-widget elementor-widget-lte-header\" data-id=\"28359fa\" data-element_type=\"widget\" data-widget_type=\"lte-header.default\">\n\t\t\t\t<div class=\"elementor-widget-container\">\n\t\t\t\t\t<div class=\"lte-heading lte-style-header-subheader lte-subcolor-main has-subheader heading-tag-h3 heading-subtag-h6\"><div class=\"lte-heading-content\"><h6 class=\"lte-subheader\">T\u00c9MOIGNAGES<\/h6><h3 class=\"lte-header\">CE QUE NOS CLIENTS DISENT SUR NOUS<\/h3><\/div><\/div>\t\t\t\t<\/div>\n\t\t\t\t<\/div>\n\t\t\t\t<div class=\"elementor-element elementor-element-5b19f72 elementor-widget elementor-widget-spacer\" data-id=\"5b19f72\" data-element_type=\"widget\" data-widget_type=\"spacer.default\">\n\t\t\t\t<div class=\"elementor-widget-container\">\n\t\t\t\t\t\t\t<div class=\"elementor-spacer\">\n\t\t\t<div class=\"elementor-spacer-inner\"><\/div>\n\t\t<\/div>\n\t\t\t\t\t\t<\/div>\n\t\t\t\t<\/div>\n\t\t\t\t<div class=\"elementor-element elementor-element-ec53693 elementor-widget elementor-widget-image\" data-id=\"ec53693\" data-element_type=\"widget\" data-widget_type=\"image.default\">\n\t\t\t\t<div class=\"elementor-widget-container\">\n\t\t\t\t\t\t\t\t\t\t\t\t\t\t\t\t<a href=\"https:\/\/www.google.com\/maps\/place\/ProAir+Rive-Sud\/@45.4695526,-73.577184,10z\/data=!4m2!3m1!1s0x0:0x21885918485c986?sa=X&#038;ved=2ahUKEwiBmcn53r34AhVGPs0KHcXBDX8Q_BJ6BAg7EAU\" target=\"_blank\">\n\t\t\t\t\t\t\t<img loading=\"lazy\" decoding=\"async\" width=\"320\" height=\"88\" src=\"https:\/\/proairrivesud.com\/wp-content\/uploads\/2022\/06\/fb-google-yelp-copy.png\" class=\"attachment-large size-large wp-image-29326\" alt=\"\" srcset=\"https:\/\/proairrivesud.com\/wp-content\/uploads\/2022\/06\/fb-google-yelp-copy.png 320w, https:\/\/proairrivesud.com\/wp-content\/uploads\/2022\/06\/fb-google-yelp-copy-300x83.png 300w, https:\/\/proairrivesud.com\/wp-content\/uploads\/2022\/06\/fb-google-yelp-copy-100x28.png 100w\" sizes=\"(max-width: 320px) 100vw, 320px\" \/>\t\t\t\t\t\t\t\t<\/a>\n\t\t\t\t\t\t\t\t\t\t\t\t\t\t\t<\/div>\n\t\t\t\t<\/div>\n\t\t\t\t<div class=\"elementor-element elementor-element-2ab972a elementor-widget elementor-widget-spacer\" data-id=\"2ab972a\" data-element_type=\"widget\" data-widget_type=\"spacer.default\">\n\t\t\t\t<div class=\"elementor-widget-container\">\n\t\t\t\t\t\t\t<div class=\"elementor-spacer\">\n\t\t\t<div class=\"elementor-spacer-inner\"><\/div>\n\t\t<\/div>\n\t\t\t\t\t\t<\/div>\n\t\t\t\t<\/div>\n\t\t\t\t\t<\/div>\n\t\t<\/div>\n\t\t\t\t\t<\/div>\n\t\t<\/section>\n\t\t\t\t<\/div>\n\t\t","protected":false},"excerpt":{"rendered":"<p>NOTRE SP\u00c9CIALIT\u00c9 EXPERTS EN NETTOYAGE DES CONDUITS WHAT WE DO Vous avez besoin d&#8217;un expert en nettoyage de conduits d&#8217;air, ProAir offre divers services pour r\u00e9pondre \u00e0 tous les besoins en CVC r\u00e9sidentiels, commerciaux et industriels. Residential Air Duct Cleaning VOIR SERVICE Commercial Air Duct Cleaning VOIR SERVICE HRV \/ Air Exchangers Cleaning VOIR SERVICE [&hellip;]<\/p>\n","protected":false},"author":1,"featured_media":0,"parent":0,"menu_order":0,"comment_status":"closed","ping_status":"closed","template":"","meta":{"footnotes":""},"class_list":["post-29816","page","type-page","status-publish","hentry","has-post-thumbnail"],"yoast_head":"<!-- This site is optimized with the Yoast SEO plugin v26.7 - https:\/\/yoast.com\/wordpress\/plugins\/seo\/ -->\n<title>NOS SERVICES - ProAir Rive-Sud<\/title>\n<meta name=\"robots\" content=\"index, follow, max-snippet:-1, max-image-preview:large, max-video-preview:-1\" \/>\n<link rel=\"canonical\" href=\"https:\/\/proairrivesud.com\/fr\/our-services\/\" \/>\n<meta property=\"og:locale\" content=\"fr_FR\" \/>\n<meta property=\"og:type\" content=\"article\" \/>\n<meta property=\"og:title\" content=\"NOS SERVICES - ProAir Rive-Sud\" \/>\n<meta property=\"og:description\" content=\"NOTRE SP\u00c9CIALIT\u00c9 EXPERTS EN NETTOYAGE DES CONDUITS WHAT WE DO Vous avez besoin d&#8217;un expert en nettoyage de conduits d&#8217;air, ProAir offre divers services pour r\u00e9pondre \u00e0 tous les besoins en CVC r\u00e9sidentiels, commerciaux et industriels. Residential Air Duct Cleaning VOIR SERVICE Commercial Air Duct Cleaning VOIR SERVICE HRV \/ Air Exchangers Cleaning VOIR SERVICE [&hellip;]\" \/>\n<meta property=\"og:url\" content=\"https:\/\/proairrivesud.com\/fr\/our-services\/\" \/>\n<meta property=\"og:site_name\" content=\"ProAir Rive-Sud\" \/>\n<meta property=\"article:modified_time\" content=\"2023-01-19T16:12:18+00:00\" \/>\n<meta property=\"og:image\" content=\"https:\/\/proairrivesud.com\/wp-content\/uploads\/2021\/10\/residentialairductcleaning.jpg-495x300.webp\" \/>\n<meta name=\"twitter:card\" content=\"summary_large_image\" \/>\n<meta name=\"twitter:label1\" content=\"Est. reading time\" \/>\n\t<meta name=\"twitter:data1\" content=\"3 minutes\" \/>\n<script type=\"application\/ld+json\" class=\"yoast-schema-graph\">{\"@context\":\"https:\/\/schema.org\",\"@graph\":[{\"@type\":\"WebPage\",\"@id\":\"https:\/\/proairrivesud.com\/fr\/our-services\/\",\"url\":\"https:\/\/proairrivesud.com\/fr\/our-services\/\",\"name\":\"NOS SERVICES - ProAir Rive-Sud\",\"isPartOf\":{\"@id\":\"https:\/\/proairrivesud.com\/#website\"},\"primaryImageOfPage\":{\"@id\":\"https:\/\/proairrivesud.com\/fr\/our-services\/#primaryimage\"},\"image\":{\"@id\":\"https:\/\/proairrivesud.com\/fr\/our-services\/#primaryimage\"},\"thumbnailUrl\":\"https:\/\/proairrivesud.com\/wp-content\/uploads\/2021\/10\/residentialairductcleaning.jpg-495x300.webp\",\"datePublished\":\"2022-06-21T03:19:42+00:00\",\"dateModified\":\"2023-01-19T16:12:18+00:00\",\"breadcrumb\":{\"@id\":\"https:\/\/proairrivesud.com\/fr\/our-services\/#breadcrumb\"},\"inLanguage\":\"fr-FR\",\"potentialAction\":[{\"@type\":\"ReadAction\",\"target\":[\"https:\/\/proairrivesud.com\/fr\/our-services\/\"]}]},{\"@type\":\"ImageObject\",\"inLanguage\":\"fr-FR\",\"@id\":\"https:\/\/proairrivesud.com\/fr\/our-services\/#primaryimage\",\"url\":\"https:\/\/proairrivesud.com\/wp-content\/uploads\/2021\/10\/residentialairductcleaning.jpg-495x300.webp\",\"contentUrl\":\"https:\/\/proairrivesud.com\/wp-content\/uploads\/2021\/10\/residentialairductcleaning.jpg-495x300.webp\"},{\"@type\":\"BreadcrumbList\",\"@id\":\"https:\/\/proairrivesud.com\/fr\/our-services\/#breadcrumb\",\"itemListElement\":[{\"@type\":\"ListItem\",\"position\":1,\"name\":\"Home\",\"item\":\"https:\/\/proairrivesud.com\/fr\/\"},{\"@type\":\"ListItem\",\"position\":2,\"name\":\"NOS SERVICES\"}]},{\"@type\":\"WebSite\",\"@id\":\"https:\/\/proairrivesud.com\/#website\",\"url\":\"https:\/\/proairrivesud.com\/\",\"name\":\"ProAir Rive-Sud\",\"description\":\"Air Duct Cleaning, Brossard, Quebec\",\"potentialAction\":[{\"@type\":\"SearchAction\",\"target\":{\"@type\":\"EntryPoint\",\"urlTemplate\":\"https:\/\/proairrivesud.com\/?s={search_term_string}\"},\"query-input\":{\"@type\":\"PropertyValueSpecification\",\"valueRequired\":true,\"valueName\":\"search_term_string\"}}],\"inLanguage\":\"fr-FR\"}]}<\/script>\n<!-- \/ Yoast SEO plugin. -->","yoast_head_json":{"title":"NOS SERVICES - ProAir Rive-Sud","robots":{"index":"index","follow":"follow","max-snippet":"max-snippet:-1","max-image-preview":"max-image-preview:large","max-video-preview":"max-video-preview:-1"},"canonical":"https:\/\/proairrivesud.com\/fr\/our-services\/","og_locale":"fr_FR","og_type":"article","og_title":"NOS SERVICES - ProAir Rive-Sud","og_description":"NOTRE SP\u00c9CIALIT\u00c9 EXPERTS EN NETTOYAGE DES CONDUITS WHAT WE DO Vous avez besoin d&#8217;un expert en nettoyage de conduits d&#8217;air, ProAir offre divers services pour r\u00e9pondre \u00e0 tous les besoins en CVC r\u00e9sidentiels, commerciaux et industriels. Residential Air Duct Cleaning VOIR SERVICE Commercial Air Duct Cleaning VOIR SERVICE HRV \/ Air Exchangers Cleaning VOIR SERVICE [&hellip;]","og_url":"https:\/\/proairrivesud.com\/fr\/our-services\/","og_site_name":"ProAir Rive-Sud","article_modified_time":"2023-01-19T16:12:18+00:00","og_image":[{"url":"https:\/\/proairrivesud.com\/wp-content\/uploads\/2021\/10\/residentialairductcleaning.jpg-495x300.webp","type":"","width":"","height":""}],"twitter_card":"summary_large_image","twitter_misc":{"Est. reading time":"3 minutes"},"schema":{"@context":"https:\/\/schema.org","@graph":[{"@type":"WebPage","@id":"https:\/\/proairrivesud.com\/fr\/our-services\/","url":"https:\/\/proairrivesud.com\/fr\/our-services\/","name":"NOS SERVICES - ProAir Rive-Sud","isPartOf":{"@id":"https:\/\/proairrivesud.com\/#website"},"primaryImageOfPage":{"@id":"https:\/\/proairrivesud.com\/fr\/our-services\/#primaryimage"},"image":{"@id":"https:\/\/proairrivesud.com\/fr\/our-services\/#primaryimage"},"thumbnailUrl":"https:\/\/proairrivesud.com\/wp-content\/uploads\/2021\/10\/residentialairductcleaning.jpg-495x300.webp","datePublished":"2022-06-21T03:19:42+00:00","dateModified":"2023-01-19T16:12:18+00:00","breadcrumb":{"@id":"https:\/\/proairrivesud.com\/fr\/our-services\/#breadcrumb"},"inLanguage":"fr-FR","potentialAction":[{"@type":"ReadAction","target":["https:\/\/proairrivesud.com\/fr\/our-services\/"]}]},{"@type":"ImageObject","inLanguage":"fr-FR","@id":"https:\/\/proairrivesud.com\/fr\/our-services\/#primaryimage","url":"https:\/\/proairrivesud.com\/wp-content\/uploads\/2021\/10\/residentialairductcleaning.jpg-495x300.webp","contentUrl":"https:\/\/proairrivesud.com\/wp-content\/uploads\/2021\/10\/residentialairductcleaning.jpg-495x300.webp"},{"@type":"BreadcrumbList","@id":"https:\/\/proairrivesud.com\/fr\/our-services\/#breadcrumb","itemListElement":[{"@type":"ListItem","position":1,"name":"Home","item":"https:\/\/proairrivesud.com\/fr\/"},{"@type":"ListItem","position":2,"name":"NOS SERVICES"}]},{"@type":"WebSite","@id":"https:\/\/proairrivesud.com\/#website","url":"https:\/\/proairrivesud.com\/","name":"ProAir Rive-Sud","description":"Air Duct Cleaning, Brossard, Quebec","potentialAction":[{"@type":"SearchAction","target":{"@type":"EntryPoint","urlTemplate":"https:\/\/proairrivesud.com\/?s={search_term_string}"},"query-input":{"@type":"PropertyValueSpecification","valueRequired":true,"valueName":"search_term_string"}}],"inLanguage":"fr-FR"}]}},"_links":{"self":[{"href":"https:\/\/proairrivesud.com\/fr\/wp-json\/wp\/v2\/pages\/29816","targetHints":{"allow":["GET"]}}],"collection":[{"href":"https:\/\/proairrivesud.com\/fr\/wp-json\/wp\/v2\/pages"}],"about":[{"href":"https:\/\/proairrivesud.com\/fr\/wp-json\/wp\/v2\/types\/page"}],"author":[{"embeddable":true,"href":"https:\/\/proairrivesud.com\/fr\/wp-json\/wp\/v2\/users\/1"}],"replies":[{"embeddable":true,"href":"https:\/\/proairrivesud.com\/fr\/wp-json\/wp\/v2\/comments?post=29816"}],"version-history":[{"count":5,"href":"https:\/\/proairrivesud.com\/fr\/wp-json\/wp\/v2\/pages\/29816\/revisions"}],"predecessor-version":[{"id":29905,"href":"https:\/\/proairrivesud.com\/fr\/wp-json\/wp\/v2\/pages\/29816\/revisions\/29905"}],"wp:attachment":[{"href":"https:\/\/proairrivesud.com\/fr\/wp-json\/wp\/v2\/media?parent=29816"}],"curies":[{"name":"wp","href":"https:\/\/api.w.org\/{rel}","templated":true}]}}