{"id":29818,"date":"2022-06-20T22:50:44","date_gmt":"2022-06-21T02:50:44","guid":{"rendered":"https:\/\/proairrivesud.com\/request-a-quote\/"},"modified":"2023-01-20T10:35:59","modified_gmt":"2023-01-20T15:35:59","slug":"request-a-quote","status":"publish","type":"page","link":"https:\/\/proairrivesud.com\/fr\/request-a-quote\/","title":{"rendered":"SOUMISSION GRATUITE"},"content":{"rendered":"\t\t<div data-elementor-type=\"wp-page\" data-elementor-id=\"29818\" class=\"elementor elementor-29818\">\n\t\t\t\t\t\t<section class=\"elementor-section elementor-top-section elementor-element elementor-element-092bdc6 elementor-section-boxed elementor-section-height-default elementor-section-height-default\" data-id=\"092bdc6\" data-element_type=\"section\">\n\t\t\t\t\t\t<div class=\"elementor-container elementor-column-gap-default\">\n\t\t\t\t\t<div class=\"elementor-column elementor-col-100 elementor-top-column elementor-element elementor-element-88dc597\" data-id=\"88dc597\" data-element_type=\"column\">\n\t\t\t<div class=\"elementor-widget-wrap elementor-element-populated\">\n\t\t\t\t\t\t<div class=\"elementor-element elementor-element-abea02b elementor-widget elementor-widget-spacer\" data-id=\"abea02b\" data-element_type=\"widget\" data-widget_type=\"spacer.default\">\n\t\t\t\t<div class=\"elementor-widget-container\">\n\t\t\t\t\t\t\t<div class=\"elementor-spacer\">\n\t\t\t<div class=\"elementor-spacer-inner\"><\/div>\n\t\t<\/div>\n\t\t\t\t\t\t<\/div>\n\t\t\t\t<\/div>\n\t\t\t\t\t<\/div>\n\t\t<\/div>\n\t\t\t\t\t<\/div>\n\t\t<\/section>\n\t\t\t\t<section class=\"elementor-section elementor-top-section elementor-element elementor-element-0637fe6 elementor-section-boxed elementor-section-height-default elementor-section-height-default\" data-id=\"0637fe6\" data-element_type=\"section\" data-settings=\"{&quot;background_background&quot;:&quot;classic&quot;}\">\n\t\t\t\t\t\t<div class=\"elementor-container elementor-column-gap-default\">\n\t\t\t\t\t<div class=\"elementor-column elementor-col-100 elementor-top-column elementor-element elementor-element-5f5bad5 lte-background-gray\" data-id=\"5f5bad5\" data-element_type=\"column\">\n\t\t\t<div class=\"elementor-widget-wrap elementor-element-populated\">\n\t\t\t\t\t\t<div class=\"elementor-element elementor-element-ed10cfb elementor-widget elementor-widget-spacer\" data-id=\"ed10cfb\" data-element_type=\"widget\" data-widget_type=\"spacer.default\">\n\t\t\t\t<div class=\"elementor-widget-container\">\n\t\t\t\t\t\t\t<div class=\"elementor-spacer\">\n\t\t\t<div class=\"elementor-spacer-inner\"><\/div>\n\t\t<\/div>\n\t\t\t\t\t\t<\/div>\n\t\t\t\t<\/div>\n\t\t\t\t<div class=\"elementor-element elementor-element-c76a175 lte-heading-align-center elementor-widget elementor-widget-lte-header\" data-id=\"c76a175\" data-element_type=\"widget\" data-widget_type=\"lte-header.default\">\n\t\t\t\t<div class=\"elementor-widget-container\">\n\t\t\t\t\t<div class=\"lte-heading lte-style-default lte-subcolor-main heading-tag-h4 heading-subtag-h6\"><div class=\"lte-heading-content\"><h4 class=\"lte-header\">DEMANDEZ VOTRE DEVIS GRATUIT<\/h4><\/div><\/div>\t\t\t\t<\/div>\n\t\t\t\t<\/div>\n\t\t\t\t<div class=\"elementor-element elementor-element-89ff2b2 elementor-widget elementor-widget-text-editor\" data-id=\"89ff2b2\" data-element_type=\"widget\" data-widget_type=\"text-editor.default\">\n\t\t\t\t<div class=\"elementor-widget-container\">\n\t\t\t\t\t\t\t\t\t<p>Remplissez le formulaire ci-dessous pour recevoir votre devis gratuit en ligne.<\/p>\t\t\t\t\t\t\t\t<\/div>\n\t\t\t\t<\/div>\n\t\t\t\t<div class=\"elementor-element elementor-element-9d9add7 lte-background-transparent cf7-btn elementor-widget elementor-widget-lte-cf7\" data-id=\"9d9add7\" data-element_type=\"widget\" data-widget_type=\"lte-cf7.default\">\n\t\t\t\t<div class=\"elementor-widget-container\">\n\t\t\t\t\t<div class=\"lte-contact-form-7 lte-padding- lte-btn-main lte-full-width-no\">\n<div class=\"wpcf7 no-js\" id=\"wpcf7-f29968-o1\" lang=\"fr-FR\" dir=\"ltr\" data-wpcf7-id=\"29968\">\n<div class=\"screen-reader-response\"><p role=\"status\" aria-live=\"polite\" aria-atomic=\"true\"><\/p> <ul><\/ul><\/div>\n<form action=\"\/fr\/wp-json\/wp\/v2\/pages\/29818#wpcf7-f29968-o1\" method=\"post\" class=\"wpcf7-form init\" aria-label=\"Contact form\" novalidate=\"novalidate\" data-status=\"init\">\n<fieldset class=\"hidden-fields-container\"><input type=\"hidden\" name=\"_wpcf7\" value=\"29968\" \/><input type=\"hidden\" name=\"_wpcf7_version\" value=\"6.1.4\" \/><input type=\"hidden\" name=\"_wpcf7_locale\" value=\"fr_FR\" \/><input type=\"hidden\" name=\"_wpcf7_unit_tag\" value=\"wpcf7-f29968-o1\" \/><input type=\"hidden\" name=\"_wpcf7_container_post\" value=\"0\" \/><input type=\"hidden\" name=\"_wpcf7_posted_data_hash\" value=\"\" \/><input type=\"hidden\" name=\"_wpcf7_recaptcha_response\" value=\"\" \/>\n<\/fieldset>\n<div class=\"row\">\n\t<div class=\"col-lg-12 col-md-12 col-xs-12\">\n\t\t<p><span class=\"wpcf7-form-control-wrap\" data-name=\"field-name\"><input size=\"40\" maxlength=\"400\" class=\"wpcf7-form-control wpcf7-text wpcf7-validates-as-required\" aria-required=\"true\" aria-invalid=\"false\" placeholder=\"Nom complet\" value=\"\" type=\"text\" name=\"field-name\" \/><\/span>\n\t\t<\/p>\n\t<\/div>\n\t<div class=\"col-lg-12 col-md-12 col-xs-12\">\n\t\t<p><span class=\"wpcf7-form-control-wrap\" data-name=\"field-email\"><input size=\"40\" maxlength=\"400\" class=\"wpcf7-form-control wpcf7-email wpcf7-validates-as-required wpcf7-text wpcf7-validates-as-email\" aria-required=\"true\" aria-invalid=\"false\" placeholder=\"Adresse courriel\" value=\"\" type=\"email\" name=\"field-email\" \/><\/span>\n\t\t<\/p>\n\t<\/div>\n\t<div class=\"col-lg-12 col-md-12 col-xs-12\">\n\t\t<p><span class=\"wpcf7-form-control-wrap\" data-name=\"field-phone\"><input size=\"40\" maxlength=\"400\" class=\"wpcf7-form-control wpcf7-tel wpcf7-validates-as-required wpcf7-text wpcf7-validates-as-tel\" aria-required=\"true\" aria-invalid=\"false\" placeholder=\"Num\u00e9ro de t\u00e9l\u00e9phone\" value=\"\" type=\"tel\" name=\"field-phone\" \/><\/span>\n\t\t<\/p>\n\t<\/div>\n\t<div class=\"col-lg-12 col-md-12 col-xs-12\">\n\t\t<p>[gmautocomplete* address-location placeholder \"Address\"]\n\t\t<\/p>\n\t<\/div>\n\t<div class=\"col-lg-12 col-md-12 col-xs-12\">\n\t\t<p style=\"text-align:left;\">Meilleure fa\u00e7on de vous contacter?\n\t\t<\/p>\n\t\t<p><span class=\"wpcf7-form-control-wrap\" data-name=\"best-contact-method\"><span class=\"wpcf7-form-control wpcf7-radio\"><span class=\"wpcf7-list-item first\"><label><input type=\"radio\" name=\"best-contact-method\" value=\"Courriel\" checked=\"checked\" \/><span class=\"wpcf7-list-item-label\">Courriel<\/span><\/label><\/span><span class=\"wpcf7-list-item last\"><label><input type=\"radio\" name=\"best-contact-method\" value=\"T\u00e9l\u00e9phone\" \/><span class=\"wpcf7-list-item-label\">T\u00e9l\u00e9phone<\/span><\/label><\/span><\/span><\/span>\n\t\t<\/p>\n\t<\/div>\n\t<div class=\"col-lg-12 col-md-12 col-xs-12\">\n\t\t<div class=\"col-lg-12 col-md-12 col-xs-12\">\n\t\t<\/div>\n\t\t<p style=\"text-align:left;\">S\u00e9lectionner une date\n\t\t<\/p>\n\t\t<p><span class=\"wpcf7-form-control-wrap\" data-name=\"Preferred-Date\"><input class=\"wpcf7-form-control wpcf7-date wpcf7-validates-as-required wpcf7-validates-as-date\" aria-required=\"true\" aria-invalid=\"false\" placeholder=\"Yyyy-mm-dd: aaaa-mm-jj\" value=\"\" type=\"date\" name=\"Preferred-Date\" \/><\/span>\n\t\t<\/p>\n\t<\/div>\n\t<div class=\"col-lg-12 col-md-12 col-xs-12\">\n\t\t<p><span class=\"wpcf7-form-control-wrap\" data-name=\"project-details\"><textarea cols=\"40\" rows=\"10\" maxlength=\"2000\" class=\"wpcf7-form-control wpcf7-textarea wpcf7-validates-as-required\" aria-required=\"true\" aria-invalid=\"false\" placeholder=\"Information Additionnelle\" name=\"project-details\"><\/textarea><\/span>\n\t\t<\/p>\n\t<\/div>\n<\/div>\n<div class=\"col-lg-12 col-xs-12\">\n<span class=\"wpcf7-form-control-wrap recaptcha\" data-name=\"recaptcha\"><span data-sitekey=\"6LcMng0sAAAAADJzTIBpti_HHK85tI9gUS9fT_rL\" class=\"wpcf7-form-control wpcf7-recaptcha g-recaptcha\"><\/span>\r\n<noscript>\r\n\t<div class=\"grecaptcha-noscript\">\r\n\t\t<iframe src=\"https:\/\/www.google.com\/recaptcha\/api\/fallback?k=6LcMng0sAAAAADJzTIBpti_HHK85tI9gUS9fT_rL\" frameborder=\"0\" scrolling=\"no\" width=\"310\" height=\"430\">\r\n\t\t<\/iframe>\r\n\t\t<textarea name=\"g-recaptcha-response\" rows=\"3\" cols=\"40\" placeholder=\"reCaptcha Response Here\">\r\n\t\t<\/textarea>\r\n\t<\/div>\r\n<\/noscript>\r\n<\/span>\n<\/div>\n<p><input class=\"wpcf7-form-control wpcf7-submit has-spinner\" type=\"submit\" value=\"DEMANDE DE SOUMISSION\" \/>\n<\/p><div class=\"wpcf7-response-output\" aria-hidden=\"true\"><\/div>\n<\/form>\n<\/div>\n<\/div>\t\t\t\t<\/div>\n\t\t\t\t<\/div>\n\t\t\t\t<div class=\"elementor-element elementor-element-8bd9bb5 elementor-widget elementor-widget-spacer\" data-id=\"8bd9bb5\" data-element_type=\"widget\" data-widget_type=\"spacer.default\">\n\t\t\t\t<div class=\"elementor-widget-container\">\n\t\t\t\t\t\t\t<div class=\"elementor-spacer\">\n\t\t\t<div class=\"elementor-spacer-inner\"><\/div>\n\t\t<\/div>\n\t\t\t\t\t\t<\/div>\n\t\t\t\t<\/div>\n\t\t\t\t\t<\/div>\n\t\t<\/div>\n\t\t\t\t\t<\/div>\n\t\t<\/section>\n\t\t\t\t<section class=\"elementor-section elementor-top-section elementor-element elementor-element-1f951f8 elementor-section-boxed elementor-section-height-default elementor-section-height-default\" data-id=\"1f951f8\" data-element_type=\"section\">\n\t\t\t\t\t\t<div class=\"elementor-container elementor-column-gap-default\">\n\t\t\t\t\t<div class=\"elementor-column elementor-col-100 elementor-top-column elementor-element elementor-element-cd98f21\" data-id=\"cd98f21\" data-element_type=\"column\">\n\t\t\t<div class=\"elementor-widget-wrap elementor-element-populated\">\n\t\t\t\t\t\t<div class=\"elementor-element elementor-element-15b43d8 elementor-widget elementor-widget-spacer\" data-id=\"15b43d8\" data-element_type=\"widget\" data-widget_type=\"spacer.default\">\n\t\t\t\t<div class=\"elementor-widget-container\">\n\t\t\t\t\t\t\t<div class=\"elementor-spacer\">\n\t\t\t<div class=\"elementor-spacer-inner\"><\/div>\n\t\t<\/div>\n\t\t\t\t\t\t<\/div>\n\t\t\t\t<\/div>\n\t\t\t\t\t<\/div>\n\t\t<\/div>\n\t\t\t\t\t<\/div>\n\t\t<\/section>\n\t\t\t\t<section class=\"lte-background-gray elementor-section elementor-top-section elementor-element elementor-element-e66d02a lte-background-gray elementor-section-stretched elementor-section-boxed elementor-section-height-default elementor-section-height-default\" data-id=\"e66d02a\" data-element_type=\"section\" data-settings=\"{&quot;background_background&quot;:&quot;classic&quot;,&quot;stretch_section&quot;:&quot;section-stretched&quot;}\">\n\t\t\t\t\t\t<div class=\"elementor-container elementor-column-gap-custom\">\n\t\t\t\t\t<div class=\"elementor-column elementor-col-100 elementor-top-column elementor-element elementor-element-701293d\" data-id=\"701293d\" data-element_type=\"column\">\n\t\t\t<div class=\"elementor-widget-wrap elementor-element-populated\">\n\t\t\t\t\t\t<div class=\"elementor-element elementor-element-1179fd0 elementor-widget elementor-widget-spacer\" data-id=\"1179fd0\" data-element_type=\"widget\" data-widget_type=\"spacer.default\">\n\t\t\t\t<div class=\"elementor-widget-container\">\n\t\t\t\t\t\t\t<div class=\"elementor-spacer\">\n\t\t\t<div class=\"elementor-spacer-inner\"><\/div>\n\t\t<\/div>\n\t\t\t\t\t\t<\/div>\n\t\t\t\t<\/div>\n\t\t\t\t<div class=\"elementor-element elementor-element-773b6c2 lte-heading-align-center elementor-widget elementor-widget-lte-header\" data-id=\"773b6c2\" data-element_type=\"widget\" data-widget_type=\"lte-header.default\">\n\t\t\t\t<div class=\"elementor-widget-container\">\n\t\t\t\t\t<div class=\"lte-heading lte-style-header-subheader lte-subcolor-main has-subheader heading-tag-h3 heading-subtag-h6\"><div class=\"lte-heading-content\"><h6 class=\"lte-subheader\">T\u00c9MOIGNAGES<\/h6><h3 class=\"lte-header\">CE QUE NOS CLIENTS DISENT SUR NOUS<\/h3><\/div><\/div>\t\t\t\t<\/div>\n\t\t\t\t<\/div>\n\t\t\t\t<div class=\"elementor-element elementor-element-e2301d0 elementor-widget elementor-widget-spacer\" data-id=\"e2301d0\" data-element_type=\"widget\" data-widget_type=\"spacer.default\">\n\t\t\t\t<div class=\"elementor-widget-container\">\n\t\t\t\t\t\t\t<div class=\"elementor-spacer\">\n\t\t\t<div class=\"elementor-spacer-inner\"><\/div>\n\t\t<\/div>\n\t\t\t\t\t\t<\/div>\n\t\t\t\t<\/div>\n\t\t\t\t<div class=\"elementor-element elementor-element-0dfad33 elementor-widget elementor-widget-image\" data-id=\"0dfad33\" data-element_type=\"widget\" data-widget_type=\"image.default\">\n\t\t\t\t<div class=\"elementor-widget-container\">\n\t\t\t\t\t\t\t\t\t\t\t\t\t\t\t\t<a href=\"https:\/\/www.google.com\/maps\/place\/ProAir+Rive-Sud\/@45.4695526,-73.577184,10z\/data=!4m2!3m1!1s0x0:0x21885918485c986?sa=X&#038;ved=2ahUKEwiBmcn53r34AhVGPs0KHcXBDX8Q_BJ6BAg7EAU\" target=\"_blank\">\n\t\t\t\t\t\t\t<img decoding=\"async\" width=\"320\" height=\"88\" src=\"https:\/\/proairrivesud.com\/wp-content\/uploads\/2022\/06\/fb-google-yelp-copy.png\" class=\"attachment-large size-large wp-image-29326\" alt=\"\" srcset=\"https:\/\/proairrivesud.com\/wp-content\/uploads\/2022\/06\/fb-google-yelp-copy.png 320w, https:\/\/proairrivesud.com\/wp-content\/uploads\/2022\/06\/fb-google-yelp-copy-300x83.png 300w, https:\/\/proairrivesud.com\/wp-content\/uploads\/2022\/06\/fb-google-yelp-copy-100x28.png 100w\" sizes=\"(max-width: 320px) 100vw, 320px\" \/>\t\t\t\t\t\t\t\t<\/a>\n\t\t\t\t\t\t\t\t\t\t\t\t\t\t\t<\/div>\n\t\t\t\t<\/div>\n\t\t\t\t<div class=\"elementor-element elementor-element-c9d04d9 elementor-widget elementor-widget-spacer\" data-id=\"c9d04d9\" data-element_type=\"widget\" data-widget_type=\"spacer.default\">\n\t\t\t\t<div class=\"elementor-widget-container\">\n\t\t\t\t\t\t\t<div class=\"elementor-spacer\">\n\t\t\t<div class=\"elementor-spacer-inner\"><\/div>\n\t\t<\/div>\n\t\t\t\t\t\t<\/div>\n\t\t\t\t<\/div>\n\t\t\t\t\t<\/div>\n\t\t<\/div>\n\t\t\t\t\t<\/div>\n\t\t<\/section>\n\t\t\t\t<\/div>\n\t\t","protected":false},"excerpt":{"rendered":"<p>DEMANDEZ VOTRE DEVIS GRATUIT Remplissez le formulaire ci-dessous pour recevoir votre devis gratuit en ligne. Meilleure fa\u00e7on de vous contacter? CourrielT\u00e9l\u00e9phone S\u00e9lectionner une date T\u00c9MOIGNAGES CE QUE NOS CLIENTS DISENT SUR NOUS<\/p>\n","protected":false},"author":1,"featured_media":29506,"parent":0,"menu_order":0,"comment_status":"closed","ping_status":"closed","template":"page-templates\/full-width.php","meta":{"footnotes":""},"class_list":["post-29818","page","type-page","status-publish","has-post-thumbnail","hentry"],"yoast_head":"<!-- This site is optimized with the Yoast SEO plugin v26.7 - https:\/\/yoast.com\/wordpress\/plugins\/seo\/ -->\n<title>SOUMISSION GRATUITE - ProAir Rive-Sud<\/title>\n<meta name=\"robots\" content=\"index, follow, max-snippet:-1, max-image-preview:large, max-video-preview:-1\" \/>\n<link rel=\"canonical\" href=\"https:\/\/proairrivesud.com\/fr\/request-a-quote\/\" \/>\n<meta property=\"og:locale\" content=\"fr_FR\" \/>\n<meta property=\"og:type\" content=\"article\" \/>\n<meta property=\"og:title\" content=\"SOUMISSION GRATUITE - ProAir Rive-Sud\" \/>\n<meta property=\"og:description\" content=\"DEMANDEZ VOTRE DEVIS GRATUIT Remplissez le formulaire ci-dessous pour recevoir votre devis gratuit en ligne. Meilleure fa\u00e7on de vous contacter? CourrielT\u00e9l\u00e9phone S\u00e9lectionner une date T\u00c9MOIGNAGES CE QUE NOS CLIENTS DISENT SUR NOUS\" \/>\n<meta property=\"og:url\" content=\"https:\/\/proairrivesud.com\/fr\/request-a-quote\/\" \/>\n<meta property=\"og:site_name\" content=\"ProAir Rive-Sud\" \/>\n<meta property=\"article:modified_time\" content=\"2023-01-20T15:35:59+00:00\" \/>\n<meta property=\"og:image\" content=\"https:\/\/proairrivesud.com\/wp-content\/uploads\/2022\/06\/header-requestaquote.jpg\" \/>\n\t<meta property=\"og:image:width\" content=\"1920\" \/>\n\t<meta property=\"og:image:height\" content=\"800\" \/>\n\t<meta property=\"og:image:type\" content=\"image\/jpeg\" \/>\n<meta name=\"twitter:card\" content=\"summary_large_image\" \/>\n<meta name=\"twitter:label1\" content=\"Est. reading time\" \/>\n\t<meta name=\"twitter:data1\" content=\"1 minute\" \/>\n<script type=\"application\/ld+json\" class=\"yoast-schema-graph\">{\"@context\":\"https:\/\/schema.org\",\"@graph\":[{\"@type\":\"WebPage\",\"@id\":\"https:\/\/proairrivesud.com\/fr\/request-a-quote\/\",\"url\":\"https:\/\/proairrivesud.com\/fr\/request-a-quote\/\",\"name\":\"SOUMISSION GRATUITE - ProAir Rive-Sud\",\"isPartOf\":{\"@id\":\"https:\/\/proairrivesud.com\/#website\"},\"primaryImageOfPage\":{\"@id\":\"https:\/\/proairrivesud.com\/fr\/request-a-quote\/#primaryimage\"},\"image\":{\"@id\":\"https:\/\/proairrivesud.com\/fr\/request-a-quote\/#primaryimage\"},\"thumbnailUrl\":\"https:\/\/proairrivesud.com\/wp-content\/uploads\/2022\/06\/header-requestaquote.jpg\",\"datePublished\":\"2022-06-21T02:50:44+00:00\",\"dateModified\":\"2023-01-20T15:35:59+00:00\",\"breadcrumb\":{\"@id\":\"https:\/\/proairrivesud.com\/fr\/request-a-quote\/#breadcrumb\"},\"inLanguage\":\"fr-FR\",\"potentialAction\":[{\"@type\":\"ReadAction\",\"target\":[\"https:\/\/proairrivesud.com\/fr\/request-a-quote\/\"]}]},{\"@type\":\"ImageObject\",\"inLanguage\":\"fr-FR\",\"@id\":\"https:\/\/proairrivesud.com\/fr\/request-a-quote\/#primaryimage\",\"url\":\"https:\/\/proairrivesud.com\/wp-content\/uploads\/2022\/06\/header-requestaquote.jpg\",\"contentUrl\":\"https:\/\/proairrivesud.com\/wp-content\/uploads\/2022\/06\/header-requestaquote.jpg\",\"width\":1920,\"height\":800},{\"@type\":\"BreadcrumbList\",\"@id\":\"https:\/\/proairrivesud.com\/fr\/request-a-quote\/#breadcrumb\",\"itemListElement\":[{\"@type\":\"ListItem\",\"position\":1,\"name\":\"Home\",\"item\":\"https:\/\/proairrivesud.com\/fr\/\"},{\"@type\":\"ListItem\",\"position\":2,\"name\":\"SOUMISSION GRATUITE\"}]},{\"@type\":\"WebSite\",\"@id\":\"https:\/\/proairrivesud.com\/#website\",\"url\":\"https:\/\/proairrivesud.com\/\",\"name\":\"ProAir Rive-Sud\",\"description\":\"Air Duct Cleaning, Brossard, Quebec\",\"potentialAction\":[{\"@type\":\"SearchAction\",\"target\":{\"@type\":\"EntryPoint\",\"urlTemplate\":\"https:\/\/proairrivesud.com\/?s={search_term_string}\"},\"query-input\":{\"@type\":\"PropertyValueSpecification\",\"valueRequired\":true,\"valueName\":\"search_term_string\"}}],\"inLanguage\":\"fr-FR\"}]}<\/script>\n<!-- \/ Yoast SEO plugin. -->","yoast_head_json":{"title":"SOUMISSION GRATUITE - ProAir Rive-Sud","robots":{"index":"index","follow":"follow","max-snippet":"max-snippet:-1","max-image-preview":"max-image-preview:large","max-video-preview":"max-video-preview:-1"},"canonical":"https:\/\/proairrivesud.com\/fr\/request-a-quote\/","og_locale":"fr_FR","og_type":"article","og_title":"SOUMISSION GRATUITE - ProAir Rive-Sud","og_description":"DEMANDEZ VOTRE DEVIS GRATUIT Remplissez le formulaire ci-dessous pour recevoir votre devis gratuit en ligne. Meilleure fa\u00e7on de vous contacter? CourrielT\u00e9l\u00e9phone S\u00e9lectionner une date T\u00c9MOIGNAGES CE QUE NOS CLIENTS DISENT SUR NOUS","og_url":"https:\/\/proairrivesud.com\/fr\/request-a-quote\/","og_site_name":"ProAir Rive-Sud","article_modified_time":"2023-01-20T15:35:59+00:00","og_image":[{"width":1920,"height":800,"url":"https:\/\/proairrivesud.com\/wp-content\/uploads\/2022\/06\/header-requestaquote.jpg","type":"image\/jpeg"}],"twitter_card":"summary_large_image","twitter_misc":{"Est. reading time":"1 minute"},"schema":{"@context":"https:\/\/schema.org","@graph":[{"@type":"WebPage","@id":"https:\/\/proairrivesud.com\/fr\/request-a-quote\/","url":"https:\/\/proairrivesud.com\/fr\/request-a-quote\/","name":"SOUMISSION GRATUITE - ProAir Rive-Sud","isPartOf":{"@id":"https:\/\/proairrivesud.com\/#website"},"primaryImageOfPage":{"@id":"https:\/\/proairrivesud.com\/fr\/request-a-quote\/#primaryimage"},"image":{"@id":"https:\/\/proairrivesud.com\/fr\/request-a-quote\/#primaryimage"},"thumbnailUrl":"https:\/\/proairrivesud.com\/wp-content\/uploads\/2022\/06\/header-requestaquote.jpg","datePublished":"2022-06-21T02:50:44+00:00","dateModified":"2023-01-20T15:35:59+00:00","breadcrumb":{"@id":"https:\/\/proairrivesud.com\/fr\/request-a-quote\/#breadcrumb"},"inLanguage":"fr-FR","potentialAction":[{"@type":"ReadAction","target":["https:\/\/proairrivesud.com\/fr\/request-a-quote\/"]}]},{"@type":"ImageObject","inLanguage":"fr-FR","@id":"https:\/\/proairrivesud.com\/fr\/request-a-quote\/#primaryimage","url":"https:\/\/proairrivesud.com\/wp-content\/uploads\/2022\/06\/header-requestaquote.jpg","contentUrl":"https:\/\/proairrivesud.com\/wp-content\/uploads\/2022\/06\/header-requestaquote.jpg","width":1920,"height":800},{"@type":"BreadcrumbList","@id":"https:\/\/proairrivesud.com\/fr\/request-a-quote\/#breadcrumb","itemListElement":[{"@type":"ListItem","position":1,"name":"Home","item":"https:\/\/proairrivesud.com\/fr\/"},{"@type":"ListItem","position":2,"name":"SOUMISSION GRATUITE"}]},{"@type":"WebSite","@id":"https:\/\/proairrivesud.com\/#website","url":"https:\/\/proairrivesud.com\/","name":"ProAir Rive-Sud","description":"Air Duct Cleaning, Brossard, Quebec","potentialAction":[{"@type":"SearchAction","target":{"@type":"EntryPoint","urlTemplate":"https:\/\/proairrivesud.com\/?s={search_term_string}"},"query-input":{"@type":"PropertyValueSpecification","valueRequired":true,"valueName":"search_term_string"}}],"inLanguage":"fr-FR"}]}},"_links":{"self":[{"href":"https:\/\/proairrivesud.com\/fr\/wp-json\/wp\/v2\/pages\/29818","targetHints":{"allow":["GET"]}}],"collection":[{"href":"https:\/\/proairrivesud.com\/fr\/wp-json\/wp\/v2\/pages"}],"about":[{"href":"https:\/\/proairrivesud.com\/fr\/wp-json\/wp\/v2\/types\/page"}],"author":[{"embeddable":true,"href":"https:\/\/proairrivesud.com\/fr\/wp-json\/wp\/v2\/users\/1"}],"replies":[{"embeddable":true,"href":"https:\/\/proairrivesud.com\/fr\/wp-json\/wp\/v2\/comments?post=29818"}],"version-history":[{"count":8,"href":"https:\/\/proairrivesud.com\/fr\/wp-json\/wp\/v2\/pages\/29818\/revisions"}],"predecessor-version":[{"id":29971,"href":"https:\/\/proairrivesud.com\/fr\/wp-json\/wp\/v2\/pages\/29818\/revisions\/29971"}],"wp:featuredmedia":[{"embeddable":true,"href":"https:\/\/proairrivesud.com\/fr\/wp-json\/wp\/v2\/media\/29506"}],"wp:attachment":[{"href":"https:\/\/proairrivesud.com\/fr\/wp-json\/wp\/v2\/media?parent=29818"}],"curies":[{"name":"wp","href":"https:\/\/api.w.org\/{rel}","templated":true}]}}